{"id":53215,"date":"2025-01-14T15:13:05","date_gmt":"2025-01-14T14:13:05","guid":{"rendered":"https:\/\/farmaciariveros.com\/medicamentos-homeopaticos-2\/"},"modified":"2025-01-24T20:26:39","modified_gmt":"2025-01-24T19:26:39","slug":"botiquin-homeopatico","status":"publish","type":"page","link":"https:\/\/farmaciariveros.com\/en\/botiquin-homeopatico\/","title":{"rendered":"Botiqu\u00edn Homeop\u00e1tico"},"content":{"rendered":"<div data-elementor-type=\"wp-page\" data-elementor-id=\"53215\" class=\"elementor elementor-53215\">\n\t\t\t\t\t\t<section class=\"elementor-section elementor-top-section elementor-element elementor-element-2174a1b elementor-section-boxed elementor-section-height-default elementor-section-height-default sc_fly_static\" data-id=\"2174a1b\" data-element_type=\"section\">\n\t\t\t\t\t\t<div class=\"elementor-container elementor-column-gap-extended\">\n\t\t\t\t\t<div class=\"elementor-column elementor-col-100 elementor-top-column elementor-element elementor-element-ba6ea7b sc_content_align_inherit sc_layouts_column_icons_position_left sc_fly_static\" data-id=\"ba6ea7b\" data-element_type=\"column\">\n\t\t\t<div class=\"elementor-widget-wrap elementor-element-populated\">\n\t\t\t\t\t\t<div class=\"elementor-element elementor-element-8c6ff02 sc_height_medium sc_fly_static elementor-widget elementor-widget-spacer\" data-id=\"8c6ff02\" data-element_type=\"widget\" data-widget_type=\"spacer.default\">\n\t\t\t\t<div class=\"elementor-widget-container\">\n\t\t\t\t\t\t\t<div class=\"elementor-spacer\">\n\t\t\t<div class=\"elementor-spacer-inner\"><\/div>\n\t\t<\/div>\n\t\t\t\t\t\t<\/div>\n\t\t\t\t<\/div>\n\t\t\t\t<div data-animation-type=\"block\" class=\"elementor-element elementor-element-1698044 animation_type_block sc_fly_static elementor-invisible elementor-widget elementor-widget-trx_sc_title\" data-id=\"1698044\" data-element_type=\"widget\" data-settings=\"{&quot;_animation&quot;:&quot;childy-fadein&quot;}\" data-widget_type=\"trx_sc_title.default\">\n\t\t\t\t<div class=\"elementor-widget-container\">\n\t\t\t\t\t<div\t\tclass=\"sc_title sc_title_default\" ><h2 class=\"sc_item_title sc_title_title sc_align_center sc_item_title_style_default sc_item_title_tag\"\n\t\t\t><span class=\"sc_item_title_text\">Botiqu\u00edn Homeop\u00e1ticos<\/span><\/h2><\/div>\t\t\t\t<\/div>\n\t\t\t\t<\/div>\n\t\t\t\t<div class=\"elementor-element elementor-element-d8790e8 sc_height_small sc_fly_static elementor-widget elementor-widget-spacer\" data-id=\"d8790e8\" data-element_type=\"widget\" data-widget_type=\"spacer.default\">\n\t\t\t\t<div class=\"elementor-widget-container\">\n\t\t\t\t\t\t\t<div class=\"elementor-spacer\">\n\t\t\t<div class=\"elementor-spacer-inner\"><\/div>\n\t\t<\/div>\n\t\t\t\t\t\t<\/div>\n\t\t\t\t<\/div>\n\t\t\t\t<section class=\"elementor-section elementor-inner-section elementor-element elementor-element-bc84b67 elementor-section-boxed elementor-section-height-default elementor-section-height-default sc_fly_static\" data-id=\"bc84b67\" data-element_type=\"section\">\n\t\t\t\t\t\t<div class=\"elementor-container elementor-column-gap-extended\">\n\t\t\t\t\t<div class=\"elementor-column elementor-col-50 elementor-inner-column elementor-element elementor-element-7c14195 sc_content_align_inherit sc_layouts_column_icons_position_left sc_fly_static\" data-id=\"7c14195\" data-element_type=\"column\">\n\t\t\t<div class=\"elementor-widget-wrap elementor-element-populated\">\n\t\t\t\t\t\t<div class=\"elementor-element elementor-element-fb87e38 sc_fly_static elementor-widget elementor-widget-text-editor\" data-id=\"fb87e38\" data-element_type=\"widget\" data-widget_type=\"text-editor.default\">\n\t\t\t\t<div class=\"elementor-widget-container\">\n\t\t\t\t\t\t\t\t\tNuestro botiqu\u00edn homeop\u00e1tico est\u00e1 compuesto por un conjunto de remedios naturales que ayudan a restablecer el equilibrio y la salud del cuerpo. Es ideal para tratar peque\u00f1os malestares diarios y una forma pr\u00e1ctica y preventiva de cuidar la salud de todos los miembros de tu familia.\n\t\t\t\t\t\t\t\t<\/div>\n\t\t\t\t<\/div>\n\t\t\t\t\t<\/div>\n\t\t<\/div>\n\t\t\t\t<div class=\"elementor-column elementor-col-50 elementor-inner-column elementor-element elementor-element-8b7c315 sc_content_align_inherit sc_layouts_column_icons_position_left sc_fly_static\" data-id=\"8b7c315\" data-element_type=\"column\">\n\t\t\t<div class=\"elementor-widget-wrap elementor-element-populated\">\n\t\t\t\t\t\t<div class=\"elementor-element elementor-element-a1df7c3 sc_fly_static elementor-widget elementor-widget-text-editor\" data-id=\"a1df7c3\" data-element_type=\"widget\" data-widget_type=\"text-editor.default\">\n\t\t\t\t<div class=\"elementor-widget-container\">\n\t\t\t\t\t\t\t\t\t<p><span style=\"font-weight: 400;\">Los remedios homeop\u00e1ticos son muy f\u00e1ciles de administrar. Simplemente, agrega las gotas en el agua o directamente en la boca. La cantidad y frecuencia dependen de la afecci\u00f3n, por lo que siempre es recomendable seguir las indicaciones del producto y consultar con un profesional home\u00f3pata.<\/span><\/p>\t\t\t\t\t\t\t\t<\/div>\n\t\t\t\t<\/div>\n\t\t\t\t\t<\/div>\n\t\t<\/div>\n\t\t\t\t\t<\/div>\n\t\t<\/section>\n\t\t\t\t<div class=\"elementor-element elementor-element-5f01a9a sc_height_small sc_fly_static elementor-widget elementor-widget-spacer\" data-id=\"5f01a9a\" data-element_type=\"widget\" data-widget_type=\"spacer.default\">\n\t\t\t\t<div class=\"elementor-widget-container\">\n\t\t\t\t\t\t\t<div class=\"elementor-spacer\">\n\t\t\t<div class=\"elementor-spacer-inner\"><\/div>\n\t\t<\/div>\n\t\t\t\t\t\t<\/div>\n\t\t\t\t<\/div>\n\t\t\t\t<div class=\"elementor-element elementor-element-f4c62fb sc_fly_static elementor-widget elementor-widget-shortcode\" data-id=\"f4c62fb\" data-element_type=\"widget\" data-widget_type=\"shortcode.default\">\n\t\t\t\t<div class=\"elementor-widget-container\">\n\t\t\t\t\t\t\t<div class=\"elementor-shortcode\"><div class=\"woocommerce columns-2\"><ul class=\"products products_style_creative columns-2\">\n<li class=\"product type-product post-51661 status-publish first instock product_cat-botiquin-homeopatico product_tag-aconitum product_tag-apis product_tag-arnica product_tag-arsenicum-album product_tag-belladona product_tag-botiquin-homeopatico product_tag-bryonia product_tag-calcarea-carb product_tag-cantharis product_tag-causticum product_tag-hepar-sulphur product_tag-ignatia product_tag-ipeca product_tag-kali-carbonicum product_tag-lachesis product_tag-lycopodium product_tag-mercurius product_tag-nux-vomica product_tag-phosphorus product_tag-pulsatilla product_tag-rhus-toxic product_tag-sepia product_tag-silicea product_tag-sulphur has-post-thumbnail featured shipping-taxable purchasable product-type-composite product_style_creative\">\r\n\t\t\t<div class=\"post_item post_layout_thumbs\"\n\t\t\t data-post-animation=\"animated fadeInUp normal\"\t\t>\n\t\t\t<div class=\"post_featured hover_shop\">\n\t\t\t\t\t\t\t\t<a href=\"https:\/\/farmaciariveros.com\/en\/productos\/botiquin-homeopatico-x-10\/\">\n\t\t\t\t<img fetchpriority=\"high\" decoding=\"async\" width=\"630\" height=\"630\" src=\"https:\/\/farmaciariveros.com\/wp-content\/uploads\/2024\/12\/farmaciahomeopaticariveros.com_medicamentos-botiquin-630x630.png\" class=\"attachment-woocommerce_thumbnail size-woocommerce_thumbnail\" alt=\"Botiqu\u00edn Homeop\u00e1tico x 10\" srcset=\"https:\/\/farmaciariveros.com\/wp-content\/uploads\/2024\/12\/farmaciahomeopaticariveros.com_medicamentos-botiquin-630x630.png 630w, https:\/\/farmaciariveros.com\/wp-content\/uploads\/2024\/12\/farmaciahomeopaticariveros.com_medicamentos-botiquin-300x300.png 300w, https:\/\/farmaciariveros.com\/wp-content\/uploads\/2024\/12\/farmaciahomeopaticariveros.com_medicamentos-botiquin-150x150.png 150w, https:\/\/farmaciariveros.com\/wp-content\/uploads\/2024\/12\/farmaciahomeopaticariveros.com_medicamentos-botiquin-12x12.png 12w, https:\/\/farmaciariveros.com\/wp-content\/uploads\/2024\/12\/farmaciahomeopaticariveros.com_medicamentos-botiquin-370x370.png 370w, https:\/\/farmaciariveros.com\/wp-content\/uploads\/2024\/12\/farmaciahomeopaticariveros.com_medicamentos-botiquin-120x120.png 120w, https:\/\/farmaciariveros.com\/wp-content\/uploads\/2024\/12\/farmaciahomeopaticariveros.com_medicamentos-botiquin-410x410.png 410w, https:\/\/farmaciariveros.com\/wp-content\/uploads\/2024\/12\/farmaciahomeopaticariveros.com_medicamentos-botiquin-600x600.png 600w, https:\/\/farmaciariveros.com\/wp-content\/uploads\/2024\/12\/farmaciahomeopaticariveros.com_medicamentos-botiquin-460x460.png 460w, https:\/\/farmaciariveros.com\/wp-content\/uploads\/2024\/12\/farmaciahomeopaticariveros.com_medicamentos-botiquin.png 638w\" sizes=\"(max-width: 630px) 100vw, 630px\" \/>\t\t\t\t<\/a>\n\t\t\t\t\t\t\t\t\t<div class=\"mask\"><\/div>\n\t\t\t\t\t\t\t\t\t<div class=\"top-info\">\r\n\t\t\t\t\t\t\t\t\t<\/div>\r\n\t\t\t\t<div class=\"bottom-info\">\r\n\t\t\t\t\t\t\t\t\t\t\t<div class=\"woosq_wrap\">\r\n\t\t\t\t\t\t\t<a href=\"?quick-view=51661\" class=\"woosq-btn woosq-btn-51661\" data-id=\"51661\" data-effect=\"mfp-slide-bottom\" data-context=\"default\" rel=\"nofollow\">Vista r\u00e1pida<\/a>\t\t\t\t\t\t<\/div>\r\n\t\t\t\t\t\t\t\t\t\t<div class=\"add_to_cart_wrap\">\r\n\t\t\t\t\t\t<a rel=\"nofollow\" href=\"https:\/\/farmaciariveros.com\/en\/productos\/botiquin-homeopatico-x-10\/\" \r\n\t\t\t\t\t\t\t\t\t\t\t\t\taria-hidden=\"true\" \r\n\t\t\t\t\t\t\t\t\t\t\t\t\tdata-quantity=\"1\" \r\n\t\t\t\t\t\t\t\t\t\t\t\t\tdata-product_id=\"51661\"\r\n\t\t\t\t\t\t\t\t\t\t\t\t\tdata-product_sku=\"\"\r\n\t\t\t\t\t\t\t\t\t\t\t\t\tclass=\"shop_cart icon-shopping-cart button add_to_cart_button product_type_composite product_in_stock\">Add to Cart<\/a>\t\t\t\t\t<\/div>\r\n\t\t\t\t<\/div>\r\n\t\t\t\t\t\t\t<\/div>\n\t\t\t<div class=\"post_data\">\n\t\t\t\t<div class=\"post_data_inner\">\n\t\t\t\t\t<div class=\"post_header entry-header\">\n\t\t\t\t\t<h2 class=\"woocommerce-loop-product__title\"><a href=\"https:\/\/farmaciariveros.com\/en\/productos\/botiquin-homeopatico-x-10\/\">Botiqu\u00edn Homeop\u00e1tico x 10<\/a><\/h2>\t\t\t<\/div>\n\t\t<div class=\"wrap-data-info\">\n\t<span class=\"price\">$150.000<\/span>\n<\/div><a href=\"https:\/\/farmaciariveros.com\/en\/productos\/botiquin-homeopatico-x-10\/\" aria-describedby=\"woocommerce_loop_add_to_cart_link_describedby_51661\" data-quantity=\"1\" class=\"button product_type_composite add_to_cart_button\" data-product_id=\"51661\" data-product_sku=\"\" aria-label=\"Lee m\u00e1s sobre \u201cBotiqu\u00edn Homeop\u00e1tico x 10\u201d\" rel=\"nofollow\" data-no-translation-aria-label=\"\">Seleccionar opciones<\/a>\t<span id=\"woocommerce_loop_add_to_cart_link_describedby_51661\" class=\"screen-reader-text\">\n\t\t\t<\/span>\n\t\t\t\t<\/div>\n\t\t\t<\/div>\n\t\t<\/div>\n\t\t<\/li>\r\n<li class=\"product type-product post-52771 status-publish last instock product_cat-botiquin-homeopatico product_tag-aconitum product_tag-apis product_tag-arnica product_tag-arsenicum-album product_tag-belladona product_tag-botiquin-homeopatico product_tag-bryonia product_tag-calcarea-carb product_tag-cantharis product_tag-causticum product_tag-hepar-sulphur product_tag-ignatia product_tag-ipeca product_tag-kali-carbonicum product_tag-lachesis product_tag-lycopodium product_tag-mercurius product_tag-nux-vomica product_tag-phosphorus product_tag-pulsatilla product_tag-rhus-toxic product_tag-sepia product_tag-silicea product_tag-sulphur has-post-thumbnail featured shipping-taxable purchasable product-type-composite product_style_creative\">\r\n\t\t\t<div class=\"post_item post_layout_thumbs\"\n\t\t\t data-post-animation=\"animated fadeInUp normal\"\t\t>\n\t\t\t<div class=\"post_featured hover_shop\">\n\t\t\t\t\t\t\t\t<a href=\"https:\/\/farmaciariveros.com\/en\/productos\/botiquin-homeopatico-x-20\/\">\n\t\t\t\t<img decoding=\"async\" width=\"630\" height=\"630\" src=\"https:\/\/farmaciariveros.com\/wp-content\/uploads\/2024\/12\/farmaciahomeopaticariveros.com_medicamentos-botiquin-630x630.png\" class=\"attachment-woocommerce_thumbnail size-woocommerce_thumbnail\" alt=\"Botiqu\u00edn Homeop\u00e1tico x 20\" srcset=\"https:\/\/farmaciariveros.com\/wp-content\/uploads\/2024\/12\/farmaciahomeopaticariveros.com_medicamentos-botiquin-630x630.png 630w, https:\/\/farmaciariveros.com\/wp-content\/uploads\/2024\/12\/farmaciahomeopaticariveros.com_medicamentos-botiquin-300x300.png 300w, https:\/\/farmaciariveros.com\/wp-content\/uploads\/2024\/12\/farmaciahomeopaticariveros.com_medicamentos-botiquin-150x150.png 150w, https:\/\/farmaciariveros.com\/wp-content\/uploads\/2024\/12\/farmaciahomeopaticariveros.com_medicamentos-botiquin-12x12.png 12w, https:\/\/farmaciariveros.com\/wp-content\/uploads\/2024\/12\/farmaciahomeopaticariveros.com_medicamentos-botiquin-370x370.png 370w, https:\/\/farmaciariveros.com\/wp-content\/uploads\/2024\/12\/farmaciahomeopaticariveros.com_medicamentos-botiquin-120x120.png 120w, https:\/\/farmaciariveros.com\/wp-content\/uploads\/2024\/12\/farmaciahomeopaticariveros.com_medicamentos-botiquin-410x410.png 410w, https:\/\/farmaciariveros.com\/wp-content\/uploads\/2024\/12\/farmaciahomeopaticariveros.com_medicamentos-botiquin-600x600.png 600w, https:\/\/farmaciariveros.com\/wp-content\/uploads\/2024\/12\/farmaciahomeopaticariveros.com_medicamentos-botiquin-460x460.png 460w, https:\/\/farmaciariveros.com\/wp-content\/uploads\/2024\/12\/farmaciahomeopaticariveros.com_medicamentos-botiquin.png 638w\" sizes=\"(max-width: 630px) 100vw, 630px\" \/>\t\t\t\t<\/a>\n\t\t\t\t\t\t\t\t\t<div class=\"mask\"><\/div>\n\t\t\t\t\t\t\t\t\t<div class=\"top-info\">\r\n\t\t\t\t\t\t\t\t\t<\/div>\r\n\t\t\t\t<div class=\"bottom-info\">\r\n\t\t\t\t\t\t\t\t\t\t\t<div class=\"woosq_wrap\">\r\n\t\t\t\t\t\t\t<a href=\"?quick-view=52771\" class=\"woosq-btn woosq-btn-52771\" data-id=\"52771\" data-effect=\"mfp-slide-bottom\" data-context=\"default\" rel=\"nofollow\">Vista r\u00e1pida<\/a>\t\t\t\t\t\t<\/div>\r\n\t\t\t\t\t\t\t\t\t\t<div class=\"add_to_cart_wrap\">\r\n\t\t\t\t\t\t<a rel=\"nofollow\" href=\"https:\/\/farmaciariveros.com\/en\/productos\/botiquin-homeopatico-x-20\/\" \r\n\t\t\t\t\t\t\t\t\t\t\t\t\taria-hidden=\"true\" \r\n\t\t\t\t\t\t\t\t\t\t\t\t\tdata-quantity=\"1\" \r\n\t\t\t\t\t\t\t\t\t\t\t\t\tdata-product_id=\"52771\"\r\n\t\t\t\t\t\t\t\t\t\t\t\t\tdata-product_sku=\"\"\r\n\t\t\t\t\t\t\t\t\t\t\t\t\tclass=\"shop_cart icon-shopping-cart button add_to_cart_button product_type_composite product_in_stock\">Add to Cart<\/a>\t\t\t\t\t<\/div>\r\n\t\t\t\t<\/div>\r\n\t\t\t\t\t\t\t<\/div>\n\t\t\t<div class=\"post_data\">\n\t\t\t\t<div class=\"post_data_inner\">\n\t\t\t\t\t<div class=\"post_header entry-header\">\n\t\t\t\t\t<h2 class=\"woocommerce-loop-product__title\"><a href=\"https:\/\/farmaciariveros.com\/en\/productos\/botiquin-homeopatico-x-20\/\">Botiqu\u00edn Homeop\u00e1tico x 20<\/a><\/h2>\t\t\t<\/div>\n\t\t<div class=\"wrap-data-info\">\n\t<span class=\"price\">$300.000<\/span>\n<\/div><a href=\"https:\/\/farmaciariveros.com\/en\/productos\/botiquin-homeopatico-x-20\/\" aria-describedby=\"woocommerce_loop_add_to_cart_link_describedby_52771\" data-quantity=\"1\" class=\"button product_type_composite add_to_cart_button\" data-product_id=\"52771\" data-product_sku=\"\" aria-label=\"Lee m\u00e1s sobre \u201cBotiqu\u00edn Homeop\u00e1tico x 20\u201d\" rel=\"nofollow\" data-no-translation-aria-label=\"\">Seleccionar opciones<\/a>\t<span id=\"woocommerce_loop_add_to_cart_link_describedby_52771\" class=\"screen-reader-text\">\n\t\t\t<\/span>\n\t\t\t\t<\/div>\n\t\t\t<\/div>\n\t\t<\/div>\n\t\t<\/li>\r\n<\/ul>\n<\/div>\n<\/div>\n\t\t\t\t\t\t<\/div>\n\t\t\t\t<\/div>\n\t\t\t\t\t<\/div>\n\t\t<\/div>\n\t\t\t\t\t<\/div>\n\t\t<\/section>\n\t\t\t\t<\/div>","protected":false},"excerpt":{"rendered":"<p>Botiqu\u00edn Homeop\u00e1ticos Nuestro botiqu\u00edn homeop\u00e1tico est\u00e1 compuesto por un conjunto de remedios naturales que ayudan a restablecer el equilibrio y la salud del cuerpo. Es ideal para tratar peque\u00f1os malestares&hellip;<\/p>","protected":false},"author":1,"featured_media":51416,"parent":0,"menu_order":0,"comment_status":"closed","ping_status":"closed","template":"","meta":{"footnotes":""},"class_list":["post-53215","page","type-page","status-publish","has-post-thumbnail","hentry"],"_links":{"self":[{"href":"https:\/\/farmaciariveros.com\/en\/wp-json\/wp\/v2\/pages\/53215","targetHints":{"allow":["GET"]}}],"collection":[{"href":"https:\/\/farmaciariveros.com\/en\/wp-json\/wp\/v2\/pages"}],"about":[{"href":"https:\/\/farmaciariveros.com\/en\/wp-json\/wp\/v2\/types\/page"}],"author":[{"embeddable":true,"href":"https:\/\/farmaciariveros.com\/en\/wp-json\/wp\/v2\/users\/1"}],"replies":[{"embeddable":true,"href":"https:\/\/farmaciariveros.com\/en\/wp-json\/wp\/v2\/comments?post=53215"}],"version-history":[{"count":11,"href":"https:\/\/farmaciariveros.com\/en\/wp-json\/wp\/v2\/pages\/53215\/revisions"}],"predecessor-version":[{"id":53245,"href":"https:\/\/farmaciariveros.com\/en\/wp-json\/wp\/v2\/pages\/53215\/revisions\/53245"}],"wp:featuredmedia":[{"embeddable":true,"href":"https:\/\/farmaciariveros.com\/en\/wp-json\/wp\/v2\/media\/51416"}],"wp:attachment":[{"href":"https:\/\/farmaciariveros.com\/en\/wp-json\/wp\/v2\/media?parent=53215"}],"curies":[{"name":"wp","href":"https:\/\/api.w.org\/{rel}","templated":true}]}}