{"id":51661,"date":"2025-01-07T21:37:34","date_gmt":"2025-01-07T20:37:34","guid":{"rendered":"https:\/\/farmaciariveros.com\/?post_type=product&#038;p=51661"},"modified":"2025-02-12T21:53:27","modified_gmt":"2025-02-12T20:53:27","slug":"botiquin-homeopatico-x-10","status":"publish","type":"product","link":"https:\/\/farmaciariveros.com\/en\/productos\/botiquin-homeopatico-x-10\/","title":{"rendered":"Botiqu\u00edn Homeop\u00e1tico x 10"},"content":{"rendered":"<h6>Productos<\/h6>\n<p>Este Kit Homeop\u00e1tico podr\u00e1s combinarlo con 10 medicamentos de tu elecci\u00f3n, a continuaci\u00f3n indicamos la lista terap\u00e9utica y modo de uso, sugeridos por el Dr. Carlos Riveros durante mas de 40 a\u00f1os de \u00a0trayectoria en medicina homeop\u00e1tica.<\/p>\n<p>&nbsp;<\/p>\n<p>&nbsp;<\/p>\n<p>Para mayor informaci\u00f3n o consultas puedes darle click al siguiente link:<\/p>\n<p><a href=\"https:\/\/www.homeopatiariveros.com\">https:\/\/www.homeopatiariveros.com<\/a><\/p>\n<p>&nbsp;<\/p>\n<p>&nbsp;<\/p>\n<ol>\n<li><strong>Aconitum:<\/strong> Otitis en general.<\/li>\n<li><strong>Apis:<\/strong> Picadura de insectos.<\/li>\n<li><strong>Arnica:<\/strong> Golpes &#8211; traumatismos &#8211; Quemaduras en general.<\/li>\n<li><strong>Arsenicum Album:<\/strong> Tos &#8211; Espasmos bronquiales &#8211; Intoxicaciones alimenticias &#8211; Picaduras.<\/li>\n<li><strong>Belladona:<\/strong> Fiebre en general con rubor facial &#8211; Quemaduras de sol o estufa.<\/li>\n<li><strong>Bryonia:<\/strong> Fiebre &#8211; Resfriados &#8211; Dolores articulares.<\/li>\n<li><strong>Calcarea Carbonica:<\/strong> Ansiedad marcada &#8211; Fracturas &#8211; Acidez g\u00e1strica &#8211; sudor exagerado.<\/li>\n<li><strong>Cantharis:<\/strong> Cistitis \u2013 Quemaduras.<\/li>\n<li><strong>Causticum:<\/strong> Ronquera &#8211; Par\u00e1lisis faciales &#8211; Tos con ronquera.<\/li>\n<li><strong>Hepar Sulphur:<\/strong> Amigdalitis aguda &#8211; Fiebre &#8211; Infecciones en general.<\/li>\n<li>I<strong>gnatia:<\/strong> Nerviosismo en general &#8211; Penas &#8211; Angustias &#8211; Histeria.<\/li>\n<li><strong>Ipecacuahna:<\/strong> Bronquitis con tos que produce v\u00f3mito &#8211; N\u00e1useas &#8211; V\u00f3mito.<\/li>\n<li><strong>Kali Carbonicum:<\/strong> Bronquitis &#8211; Tos con ruidos en el pecho.<\/li>\n<li><strong>Lachesis:<\/strong> Bochornos &#8211; Amigdalitis aguda &#8211; Hemorragias.<\/li>\n<li><strong>Lycopodium:<\/strong> Gases &#8211; Indigestiones alimenticias &#8211; Hepatitis \u2013 Cistitis &#8211; Hemorroides.<\/li>\n<li><strong>Mercurius:<\/strong> Amigalitis purulentas &#8211; Aftas orales.<\/li>\n<li><strong>Nux Vomica:<\/strong> Intoxicaciones alimenticias &#8211; N\u00e1useas &#8211; V\u00f3mito &#8211; Dolor de cabeza.<\/li>\n<li><strong>Phosphorus:<\/strong> Tos con espasmo bronquial &#8211; Hemorragias &#8211; Hepatitis &#8211; Cefaleas.<\/li>\n<li><strong>Pulsatilla:<\/strong> Indigestiones especialmente por grasas &#8211; Orzuelos &#8211; V\u00e1rices.<\/li>\n<li><strong>Rhus Toxic:<\/strong> Urticarias &#8211; Edemas al\u00e9rgicos &#8211; Picaduras de insectos.<\/li>\n<li><strong>Sepia:<\/strong> S\u00edndromes con gran indiferencia y tristeza &#8211; Hemorroides.<\/li>\n<li><strong>Silicea:<\/strong> Catarro nasal mucoso &#8211; Sinusitis &#8211; Otitis cr\u00f3nica.<\/li>\n<li><strong>Sulphur:<\/strong> Diarreas &#8211; Urticarias &#8211; Picaduras de insectos &#8211; Infecciones en general.<\/li>\n<\/ol>\n<h6>Modo de uso<\/h6>\n<ul>\n<li>Tomar el primer d\u00eda una gota cada hora.<\/li>\n<li>Tomar el segundo d\u00eda una gota cada 2 horas.<\/li>\n<li>Tomar el tercer d\u00eda una gota 3 veces al d\u00eda.<\/li>\n<li>Y seguir con el tratamiento hasta que el paciente est\u00e9 recuperado.<\/li>\n<\/ul>\n<h6>V\u00eda oral<\/h6>\n<ul>\n<li>Mant\u00e9ngase fuera del alcance de los ni\u00f1os.<\/li>\n<li>Desechar si observa cambios en la apariencia, sabor u olor del producto.<\/li>\n<li>Conservar en un lugar fresco, mantener alejado de todo tipo de radiaci\u00f3n.<\/li>\n<li>Este medicamento no requiere registro sanitario seg\u00fan art\u00edculo 11, Decreto 1737 de 2005.<\/li>\n<\/ul>","protected":false},"excerpt":{"rendered":"<h6>Detalles de los productos<\/h6>\n<ul>\n<li><strong>Presentaci\u00f3n:<\/strong> Frasco gotero x 10 mL<\/li>\n<li><strong>Forma farmac\u00e9utica:<\/strong> Soluci\u00f3n oral &#8211; Gotas<\/li>\n<li><strong>Potencia:<\/strong> 0\/6<\/li>\n<li><strong>Grado Alcoh\u00f3lico:<\/strong> 20%<\/li>\n<li><strong>Uso ideal:<\/strong> Leer abajo en la descripci\u00f3n.<\/li>\n<\/ul>","protected":false},"featured_media":51416,"comment_status":"open","ping_status":"closed","template":"","meta":[],"product_brand":[],"product_cat":[180],"product_tag":[291,297,299,279,302,425,290,408,320,326,350,354,407,361,369,372,406,390,391,397,387,370,363,358],"class_list":{"0":"post-51661","1":"product","2":"type-product","3":"status-publish","4":"has-post-thumbnail","6":"product_cat-botiquin-homeopatico","7":"product_tag-aconitum","8":"product_tag-apis","9":"product_tag-arnica","10":"product_tag-arsenicum-album","11":"product_tag-belladona","12":"product_tag-botiquin-homeopatico","13":"product_tag-bryonia","14":"product_tag-calcarea-carb","15":"product_tag-cantharis","16":"product_tag-causticum","17":"product_tag-hepar-sulphur","18":"product_tag-ignatia","19":"product_tag-ipeca","20":"product_tag-kali-carbonicum","21":"product_tag-lachesis","22":"product_tag-lycopodium","23":"product_tag-mercurius","24":"product_tag-nux-vomica","25":"product_tag-phosphorus","26":"product_tag-pulsatilla","27":"product_tag-rhus-toxic","28":"product_tag-sepia","29":"product_tag-silicea","30":"product_tag-sulphur","32":"first","33":"instock","34":"featured","35":"shipping-taxable","36":"purchasable","37":"product-type-composite"},"_links":{"self":[{"href":"https:\/\/farmaciariveros.com\/en\/wp-json\/wp\/v2\/product\/51661","targetHints":{"allow":["GET"]}}],"collection":[{"href":"https:\/\/farmaciariveros.com\/en\/wp-json\/wp\/v2\/product"}],"about":[{"href":"https:\/\/farmaciariveros.com\/en\/wp-json\/wp\/v2\/types\/product"}],"replies":[{"embeddable":true,"href":"https:\/\/farmaciariveros.com\/en\/wp-json\/wp\/v2\/comments?post=51661"}],"wp:featuredmedia":[{"embeddable":true,"href":"https:\/\/farmaciariveros.com\/en\/wp-json\/wp\/v2\/media\/51416"}],"wp:attachment":[{"href":"https:\/\/farmaciariveros.com\/en\/wp-json\/wp\/v2\/media?parent=51661"}],"wp:term":[{"taxonomy":"product_brand","embeddable":true,"href":"https:\/\/farmaciariveros.com\/en\/wp-json\/wp\/v2\/product_brand?post=51661"},{"taxonomy":"product_cat","embeddable":true,"href":"https:\/\/farmaciariveros.com\/en\/wp-json\/wp\/v2\/product_cat?post=51661"},{"taxonomy":"product_tag","embeddable":true,"href":"https:\/\/farmaciariveros.com\/en\/wp-json\/wp\/v2\/product_tag?post=51661"}],"curies":[{"name":"wp","href":"https:\/\/api.w.org\/{rel}","templated":true}]}}