{"id":52939,"date":"2025-01-21T17:25:11","date_gmt":"2025-01-21T16:25:11","guid":{"rendered":"https:\/\/farmaciariveros.com\/?post_type=product&#038;p=52939"},"modified":"2025-02-18T05:21:18","modified_gmt":"2025-02-18T04:21:18","slug":"aspen-alamo-temblon","status":"publish","type":"product","link":"https:\/\/farmaciariveros.com\/en\/productos\/aspen-alamo-temblon\/","title":{"rendered":"Aspen (\u00c1lamo tembl\u00f3n)"},"content":{"rendered":"<h5><span data-sheets-root=\"1\"><strong>S\u00edntomas:<\/strong><br \/>\n<\/span><\/h5>\n<p><span data-sheets-root=\"1\">\u00a0Est\u00e1s ansioso pero no sabes por qu\u00e9 o sientes miedo por algo desconocido.\u00a0<\/span><\/p>\n<h5><span data-sheets-root=\"1\"><br \/>\n<strong>Efectos:<\/strong><br \/>\n<\/span><\/h5>\n<p><span data-sheets-root=\"1\">Seguridad<\/span>.<\/p>\n<p>&nbsp;<\/p>\n<h4>Recomendaciones:<\/h4>\n<ul>\n<li>Mant\u00e9ngase fuera del alcance de los ni\u00f1os.<\/li>\n<li>Desechar si observa cambios en la apariencia, sabor u olor del producto.<\/li>\n<li>Almacenar a una temperatura no mayor de 30 \u00baC y una humedad relativa no mayor al 75%.<\/li>\n<li>Mantener alejado de todo tipo de radiaci\u00f3n.<\/li>\n<li>Lea atentamente las instrucciones y contraindicaciones en la etiqueta.<\/li>\n<\/ul>\n<h4>Posolog\u00eda:<\/h4>\n<ul>\n<li>\u00a0<span data-sheets-root=\"1\">Lo ideal es que la tomes colocando debajo de tu lengua, como m\u00ednimo, 4 gotas, 4 veces al d\u00eda (Dosis est\u00e1ndar).<\/span><\/li>\n<\/ul>\n<p><span data-sheets-root=\"1\">\u00a0<\/span><\/p>","protected":false},"excerpt":{"rendered":"<p>S\u00edntomas: \u00a0Est\u00e1s ansioso pero no sabes por qu\u00e9 o sientes miedo por algo desconocido.\u00a0 Efectos: Seguridad. &nbsp; Recomendaciones: Mant\u00e9ngase fuera del alcance de los ni\u00f1os. Desechar si observa cambios en&hellip;<\/p>","protected":false},"featured_media":51443,"comment_status":"open","ping_status":"closed","template":"","meta":[],"product_brand":[],"product_cat":[427],"product_tag":[430,433,434,432,431],"class_list":{"0":"post-52939","1":"product","2":"type-product","3":"status-publish","4":"has-post-thumbnail","6":"product_cat-esencias-flores-de-bach","7":"product_tag-aspen-alamo-temblon","8":"product_tag-bienestar","9":"product_tag-equilibrio","10":"product_tag-esencias-florales","11":"product_tag-flores-de-bach","13":"first","14":"instock","15":"shipping-taxable","16":"purchasable","17":"product-type-variable"},"_links":{"self":[{"href":"https:\/\/farmaciariveros.com\/en\/wp-json\/wp\/v2\/product\/52939","targetHints":{"allow":["GET"]}}],"collection":[{"href":"https:\/\/farmaciariveros.com\/en\/wp-json\/wp\/v2\/product"}],"about":[{"href":"https:\/\/farmaciariveros.com\/en\/wp-json\/wp\/v2\/types\/product"}],"replies":[{"embeddable":true,"href":"https:\/\/farmaciariveros.com\/en\/wp-json\/wp\/v2\/comments?post=52939"}],"wp:featuredmedia":[{"embeddable":true,"href":"https:\/\/farmaciariveros.com\/en\/wp-json\/wp\/v2\/media\/51443"}],"wp:attachment":[{"href":"https:\/\/farmaciariveros.com\/en\/wp-json\/wp\/v2\/media?parent=52939"}],"wp:term":[{"taxonomy":"product_brand","embeddable":true,"href":"https:\/\/farmaciariveros.com\/en\/wp-json\/wp\/v2\/product_brand?post=52939"},{"taxonomy":"product_cat","embeddable":true,"href":"https:\/\/farmaciariveros.com\/en\/wp-json\/wp\/v2\/product_cat?post=52939"},{"taxonomy":"product_tag","embeddable":true,"href":"https:\/\/farmaciariveros.com\/en\/wp-json\/wp\/v2\/product_tag?post=52939"}],"curies":[{"name":"wp","href":"https:\/\/api.w.org\/{rel}","templated":true}]}}