{"id":52948,"date":"2025-01-21T17:40:10","date_gmt":"2025-01-21T16:40:10","guid":{"rendered":"https:\/\/farmaciariveros.com\/?post_type=product&#038;p=52948"},"modified":"2025-02-12T22:22:33","modified_gmt":"2025-02-12T21:22:33","slug":"cerato-ceratostigma","status":"publish","type":"product","link":"https:\/\/farmaciariveros.com\/en\/productos\/cerato-ceratostigma\/","title":{"rendered":"Cerato (Ceratostigma)"},"content":{"rendered":"<h5><span data-sheets-root=\"1\"><strong>S\u00edntomas:<\/strong><br \/>\n<\/span><\/h5>\n<p><span data-sheets-root=\"1\">\u00a0En el fondo, s\u00e9 lo que quiero, pero busco la confirmaci\u00f3n de los otros.\u00a0<\/span><\/p>\n<h5><span data-sheets-root=\"1\"><br \/>\n<strong>Efectos:<\/strong><br \/>\n<\/span><\/h5>\n<p><span data-sheets-root=\"1\">Conf\u00eda en tu intuici\u00f3n.<\/span><\/p>\n<p>&nbsp;<\/p>\n<h4>Recomendaciones:<\/h4>\n<ul>\n<li>Mant\u00e9ngase fuera del alcance de los ni\u00f1os.<\/li>\n<li>Desechar si observa cambios en la apariencia, sabor u olor del producto.<\/li>\n<li>Almacenar a una temperatura no mayor de 30 \u00baC y una humedad relativa no mayor al 75%.<\/li>\n<li>Mantener alejado de todo tipo de radiaci\u00f3n.<\/li>\n<li>Lea atentamente las instrucciones y contraindicaciones en la etiqueta.<\/li>\n<\/ul>\n<h4>Posolog\u00eda:<\/h4>\n<ul>\n<li>\u00a0<span data-sheets-root=\"1\">Lo ideal es que la tomes colocando debajo de tu lengua, como m\u00ednimo, 4 gotas, 4 veces al d\u00eda (Dosis est\u00e1ndar).<\/span><\/li>\n<\/ul>\n<p><span data-sheets-root=\"1\">\u00a0<\/span><\/p>","protected":false},"excerpt":{"rendered":"<p>S\u00edntomas: \u00a0En el fondo, s\u00e9 lo que quiero, pero busco la confirmaci\u00f3n de los otros.\u00a0 Efectos: Conf\u00eda en tu intuici\u00f3n. &nbsp; Recomendaciones: Mant\u00e9ngase fuera del alcance de los ni\u00f1os. Desechar&hellip;<\/p>","protected":false},"featured_media":51443,"comment_status":"open","ping_status":"closed","template":"","meta":[],"product_brand":[],"product_cat":[427],"product_tag":[433,440,441,434,432,431,437],"class_list":{"0":"post-52948","1":"product","2":"type-product","3":"status-publish","4":"has-post-thumbnail","6":"product_cat-esencias-flores-de-bach","7":"product_tag-bienestar","8":"product_tag-cerato","9":"product_tag-ceratostigma","10":"product_tag-equilibrio","11":"product_tag-esencias-florales","12":"product_tag-flores-de-bach","13":"product_tag-paz-mental","15":"first","16":"instock","17":"shipping-taxable","18":"purchasable","19":"product-type-variable"},"_links":{"self":[{"href":"https:\/\/farmaciariveros.com\/en\/wp-json\/wp\/v2\/product\/52948","targetHints":{"allow":["GET"]}}],"collection":[{"href":"https:\/\/farmaciariveros.com\/en\/wp-json\/wp\/v2\/product"}],"about":[{"href":"https:\/\/farmaciariveros.com\/en\/wp-json\/wp\/v2\/types\/product"}],"replies":[{"embeddable":true,"href":"https:\/\/farmaciariveros.com\/en\/wp-json\/wp\/v2\/comments?post=52948"}],"wp:featuredmedia":[{"embeddable":true,"href":"https:\/\/farmaciariveros.com\/en\/wp-json\/wp\/v2\/media\/51443"}],"wp:attachment":[{"href":"https:\/\/farmaciariveros.com\/en\/wp-json\/wp\/v2\/media?parent=52948"}],"wp:term":[{"taxonomy":"product_brand","embeddable":true,"href":"https:\/\/farmaciariveros.com\/en\/wp-json\/wp\/v2\/product_brand?post=52948"},{"taxonomy":"product_cat","embeddable":true,"href":"https:\/\/farmaciariveros.com\/en\/wp-json\/wp\/v2\/product_cat?post=52948"},{"taxonomy":"product_tag","embeddable":true,"href":"https:\/\/farmaciariveros.com\/en\/wp-json\/wp\/v2\/product_tag?post=52948"}],"curies":[{"name":"wp","href":"https:\/\/api.w.org\/{rel}","templated":true}]}}