{"id":53012,"date":"2025-01-21T19:44:04","date_gmt":"2025-01-21T18:44:04","guid":{"rendered":"https:\/\/farmaciariveros.com\/?post_type=product&#038;p=53012"},"modified":"2025-02-18T04:26:07","modified_gmt":"2025-02-18T03:26:07","slug":"orquidea-angel-de-proteccion","status":"publish","type":"product","link":"https:\/\/farmaciariveros.com\/en\/productos\/orquidea-angel-de-proteccion\/","title":{"rendered":"Orquidea Angel de Protecci\u00f3n"},"content":{"rendered":"<p><span data-sheets-root=\"1\"><br \/>\nPara experimentar la seguridad que brinda nuestro \u00ab\u00e1ngel guardi\u00e1n\u00bb. Ayuda a eliminar la sensaci\u00f3n de vulnerabilidad.<\/span><\/p>\n<p>&nbsp;<\/p>\n<h4>Recomendaciones:<\/h4>\n<ul>\n<li>Mant\u00e9ngase fuera del alcance de los ni\u00f1os.<\/li>\n<li>Desechar si observa cambios en la apariencia, sabor u olor del producto.<\/li>\n<li>Almacenar a una temperatura no mayor de 30 \u00baC y una humedad relativa no mayor al 75%.<\/li>\n<li>Mantener alejado de todo tipo de radiaci\u00f3n.<\/li>\n<li>Lea atentamente las instrucciones y contraindicaciones en la etiqueta.<\/li>\n<\/ul>\n<h4>Posolog\u00eda:<\/h4>\n<ul>\n<li>\u00a0<span data-sheets-root=\"1\">Lo ideal es que la tomes colocando debajo de tu lengua, como m\u00ednimo, 4 gotas o 4 gl\u00f3bulos, 4 veces al d\u00eda (Dosis est\u00e1ndar).<\/span><\/li>\n<\/ul>\n<p><span data-sheets-root=\"1\">\u00a0<\/span><\/p>","protected":false},"excerpt":{"rendered":"<p>Para experimentar la seguridad que brinda nuestro \u00ab\u00e1ngel guardi\u00e1n\u00bb. Ayuda a eliminar la sensaci\u00f3n de vulnerabilidad. &nbsp; Recomendaciones: Mant\u00e9ngase fuera del alcance de los ni\u00f1os. Desechar si observa cambios en&hellip;<\/p>","protected":false},"featured_media":51444,"comment_status":"open","ping_status":"closed","template":"","meta":[],"product_brand":[],"product_cat":[546],"product_tag":[433,434,432,489,487,437,488],"class_list":{"0":"post-53012","1":"product","2":"type-product","3":"status-publish","4":"has-post-thumbnail","6":"product_cat-otras-esencias-florales","7":"product_tag-bienestar","8":"product_tag-equilibrio","9":"product_tag-esencias-florales","10":"product_tag-esencias-orquideas-colombianas","11":"product_tag-orquidea-angel-de-proteccion","12":"product_tag-paz-mental","13":"product_tag-seguridad","15":"first","16":"instock","17":"shipping-taxable","18":"purchasable","19":"product-type-variable"},"_links":{"self":[{"href":"https:\/\/farmaciariveros.com\/en\/wp-json\/wp\/v2\/product\/53012","targetHints":{"allow":["GET"]}}],"collection":[{"href":"https:\/\/farmaciariveros.com\/en\/wp-json\/wp\/v2\/product"}],"about":[{"href":"https:\/\/farmaciariveros.com\/en\/wp-json\/wp\/v2\/types\/product"}],"replies":[{"embeddable":true,"href":"https:\/\/farmaciariveros.com\/en\/wp-json\/wp\/v2\/comments?post=53012"}],"wp:featuredmedia":[{"embeddable":true,"href":"https:\/\/farmaciariveros.com\/en\/wp-json\/wp\/v2\/media\/51444"}],"wp:attachment":[{"href":"https:\/\/farmaciariveros.com\/en\/wp-json\/wp\/v2\/media?parent=53012"}],"wp:term":[{"taxonomy":"product_brand","embeddable":true,"href":"https:\/\/farmaciariveros.com\/en\/wp-json\/wp\/v2\/product_brand?post=53012"},{"taxonomy":"product_cat","embeddable":true,"href":"https:\/\/farmaciariveros.com\/en\/wp-json\/wp\/v2\/product_cat?post=53012"},{"taxonomy":"product_tag","embeddable":true,"href":"https:\/\/farmaciariveros.com\/en\/wp-json\/wp\/v2\/product_tag?post=53012"}],"curies":[{"name":"wp","href":"https:\/\/api.w.org\/{rel}","templated":true}]}}