{"id":53018,"date":"2025-01-21T20:35:19","date_gmt":"2025-01-21T19:35:19","guid":{"rendered":"https:\/\/farmaciariveros.com\/?post_type=product&#038;p=53018"},"modified":"2025-02-18T04:19:21","modified_gmt":"2025-02-18T03:19:21","slug":"pine-pino","status":"publish","type":"product","link":"https:\/\/farmaciariveros.com\/en\/productos\/pine-pino\/","title":{"rendered":"Pine (Pino)"},"content":{"rendered":"<h5><span data-sheets-root=\"1\"><strong>S\u00edntomas:<\/strong><br \/>\n<\/span><\/h5>\n<p><span data-sheets-root=\"1\">Te sientes culpable de todo.\u00a0<\/span><\/p>\n<h5><span data-sheets-root=\"1\"><br \/>\n<strong>Efectos:<\/strong><br \/>\n<\/span><\/h5>\n<p><span data-sheets-root=\"1\">Ac\u00e9ptate y resp\u00e9tate.<\/span><\/p>\n<p>&nbsp;<\/p>\n<h4>Recomendaciones:<\/h4>\n<ul>\n<li>Mant\u00e9ngase fuera del alcance de los ni\u00f1os.<\/li>\n<li>Desechar si observa cambios en la apariencia, sabor u olor del producto.<\/li>\n<li>Almacenar a una temperatura no mayor de 30 \u00baC y una humedad relativa no mayor al 75%.<\/li>\n<li>Mantener alejado de todo tipo de radiaci\u00f3n.<\/li>\n<li>Lea atentamente las instrucciones y contraindicaciones en la etiqueta.<\/li>\n<\/ul>\n<h4>Posolog\u00eda:<\/h4>\n<ul>\n<li>\u00a0<span data-sheets-root=\"1\">Lo ideal es que la tomes colocando debajo de tu lengua, como m\u00ednimo, 4 gotas, 4 veces al d\u00eda (Dosis est\u00e1ndar).<\/span><\/li>\n<\/ul>\n<p><span data-sheets-root=\"1\">\u00a0<\/span><\/p>","protected":false},"excerpt":{"rendered":"<p>S\u00edntomas: Te sientes culpable de todo.\u00a0 Efectos: Ac\u00e9ptate y resp\u00e9tate. &nbsp; Recomendaciones: Mant\u00e9ngase fuera del alcance de los ni\u00f1os. Desechar si observa cambios en la apariencia, sabor u olor del&hellip;<\/p>","protected":false},"featured_media":51443,"comment_status":"open","ping_status":"closed","template":"","meta":[],"product_brand":[],"product_cat":[427],"product_tag":[493,433,434,432,431,437,491,492,494],"class_list":{"0":"post-53018","1":"product","2":"type-product","3":"status-publish","4":"has-post-thumbnail","6":"product_cat-esencias-flores-de-bach","7":"product_tag-aceptate","8":"product_tag-bienestar","9":"product_tag-equilibrio","10":"product_tag-esencias-florales","11":"product_tag-flores-de-bach","12":"product_tag-paz-mental","13":"product_tag-pine","14":"product_tag-pino","15":"product_tag-respetate","17":"first","18":"instock","19":"shipping-taxable","20":"purchasable","21":"product-type-variable"},"_links":{"self":[{"href":"https:\/\/farmaciariveros.com\/en\/wp-json\/wp\/v2\/product\/53018","targetHints":{"allow":["GET"]}}],"collection":[{"href":"https:\/\/farmaciariveros.com\/en\/wp-json\/wp\/v2\/product"}],"about":[{"href":"https:\/\/farmaciariveros.com\/en\/wp-json\/wp\/v2\/types\/product"}],"replies":[{"embeddable":true,"href":"https:\/\/farmaciariveros.com\/en\/wp-json\/wp\/v2\/comments?post=53018"}],"wp:featuredmedia":[{"embeddable":true,"href":"https:\/\/farmaciariveros.com\/en\/wp-json\/wp\/v2\/media\/51443"}],"wp:attachment":[{"href":"https:\/\/farmaciariveros.com\/en\/wp-json\/wp\/v2\/media?parent=53018"}],"wp:term":[{"taxonomy":"product_brand","embeddable":true,"href":"https:\/\/farmaciariveros.com\/en\/wp-json\/wp\/v2\/product_brand?post=53018"},{"taxonomy":"product_cat","embeddable":true,"href":"https:\/\/farmaciariveros.com\/en\/wp-json\/wp\/v2\/product_cat?post=53018"},{"taxonomy":"product_tag","embeddable":true,"href":"https:\/\/farmaciariveros.com\/en\/wp-json\/wp\/v2\/product_tag?post=53018"}],"curies":[{"name":"wp","href":"https:\/\/api.w.org\/{rel}","templated":true}]}}