{"id":53047,"date":"2025-01-21T21:00:39","date_gmt":"2025-01-21T20:00:39","guid":{"rendered":"https:\/\/farmaciariveros.com\/?post_type=product&#038;p=53047"},"modified":"2025-02-11T03:38:04","modified_gmt":"2025-02-11T02:38:04","slug":"tema-de-la-ninez","status":"publish","type":"product","link":"https:\/\/farmaciariveros.com\/en\/productos\/tema-de-la-ninez\/","title":{"rendered":"Tema de la ni\u00f1ez"},"content":{"rendered":"<p><span data-sheets-root=\"1\"><br \/>\nPara abordar los miedos, sean reales o no, as\u00ed como los traumas y dramas de la ni\u00f1ez.<br \/>\nAyuda a deshacer las ilusiones que generan miedo en los ni\u00f1os.<br \/>\nProtege a los peque\u00f1os de los conflictos de sus padres y es beneficiosa en situaciones de rivalidad entre hermanos y otros conflictos infantiles.<br \/>\n<\/span><\/p>\n<p>&nbsp;<\/p>\n<h4>Recomendaciones:<\/h4>\n<ul>\n<li>Mant\u00e9ngase fuera del alcance de los ni\u00f1os.<\/li>\n<li>Desechar si observa cambios en la apariencia, sabor u olor del producto.<\/li>\n<li>Almacenar a una temperatura no mayor de 30 C\u00ba y una humedad relativa no mayor al 75%.<\/li>\n<li>Mantener alejado de todo tipo de radiaci\u00f3n.<\/li>\n<li>Lea atentamente las instrucciones y contraindicaciones en la etiqueta.<\/li>\n<\/ul>\n<h4>Posolog\u00eda:<\/h4>\n<ul>\n<li>\u00a0<span data-sheets-root=\"1\">Lo ideal es que la tomes colocando debajo de tu lengua, como m\u00ednimo, 4 gotas, 4 veces al d\u00eda (Dosis est\u00e1ndar).<\/span><\/li>\n<\/ul>\n<p><span data-sheets-root=\"1\">\u00a0<\/span><\/p>","protected":false},"excerpt":{"rendered":"<p>Para abordar los miedos, sean reales o no, as\u00ed como los traumas y dramas de la ni\u00f1ez. Ayuda a deshacer las ilusiones que generan miedo en los ni\u00f1os. Protege a&hellip;<\/p>","protected":false},"featured_media":51445,"comment_status":"open","ping_status":"closed","template":"","meta":[],"product_brand":[],"product_cat":[546],"product_tag":[433,434,515,432,437,517,514,516],"class_list":{"0":"post-53047","1":"product","2":"type-product","3":"status-publish","4":"has-post-thumbnail","6":"product_cat-otras-esencias-florales","7":"product_tag-bienestar","8":"product_tag-equilibrio","9":"product_tag-esencias-del-pacifico","10":"product_tag-esencias-florales","11":"product_tag-paz-mental","12":"product_tag-proteccion","13":"product_tag-tema-de-la-ninez","14":"product_tag-traumas","16":"first","17":"instock","18":"shipping-taxable","19":"purchasable","20":"product-type-variable"},"_links":{"self":[{"href":"https:\/\/farmaciariveros.com\/en\/wp-json\/wp\/v2\/product\/53047","targetHints":{"allow":["GET"]}}],"collection":[{"href":"https:\/\/farmaciariveros.com\/en\/wp-json\/wp\/v2\/product"}],"about":[{"href":"https:\/\/farmaciariveros.com\/en\/wp-json\/wp\/v2\/types\/product"}],"replies":[{"embeddable":true,"href":"https:\/\/farmaciariveros.com\/en\/wp-json\/wp\/v2\/comments?post=53047"}],"wp:featuredmedia":[{"embeddable":true,"href":"https:\/\/farmaciariveros.com\/en\/wp-json\/wp\/v2\/media\/51445"}],"wp:attachment":[{"href":"https:\/\/farmaciariveros.com\/en\/wp-json\/wp\/v2\/media?parent=53047"}],"wp:term":[{"taxonomy":"product_brand","embeddable":true,"href":"https:\/\/farmaciariveros.com\/en\/wp-json\/wp\/v2\/product_brand?post=53047"},{"taxonomy":"product_cat","embeddable":true,"href":"https:\/\/farmaciariveros.com\/en\/wp-json\/wp\/v2\/product_cat?post=53047"},{"taxonomy":"product_tag","embeddable":true,"href":"https:\/\/farmaciariveros.com\/en\/wp-json\/wp\/v2\/product_tag?post=53047"}],"curies":[{"name":"wp","href":"https:\/\/api.w.org\/{rel}","templated":true}]}}