{"id":53102,"date":"2025-01-24T04:01:47","date_gmt":"2025-01-24T03:01:47","guid":{"rendered":"https:\/\/farmaciariveros.com\/?post_type=product&#038;p=53102"},"modified":"2025-02-11T02:27:18","modified_gmt":"2025-02-11T01:27:18","slug":"mezcla-flores-de-bach","status":"publish","type":"product","link":"https:\/\/farmaciariveros.com\/en\/productos\/mezcla-flores-de-bach\/","title":{"rendered":"Mezcla Flores de Bach"},"content":{"rendered":"<h5><b>C\u00d3MO CUIDAR TUS ESENCIAS FLORALES<\/b><\/h5>\n<p><span style=\"font-weight: 400\">Las esencias florales son productos delicados que requieren cuidados especiales para mantener su efectividad. Aqu\u00ed te dejamos algunos consejos clave para conservarlas adecuadamente:<\/span><\/p>\n<ul>\n<li style=\"font-weight: 400\"><span style=\"font-weight: 400\">Gu\u00e1rdalas en un lugar fresco y seco: alejadas de la luz directa, el calor y la humedad, preferentemente en un armario o caj\u00f3n oscuro.<\/span><\/li>\n<li style=\"font-weight: 400\"><span style=\"font-weight: 400\">Evita la radiaci\u00f3n electromagn\u00e9tica: mant\u00e9n las esencias alejadas de microondas, computadoras y tel\u00e9fonos, ya que la radiaci\u00f3n podr\u00eda alterar sus propiedades.<\/span><\/li>\n<li style=\"font-weight: 400\"><span style=\"font-weight: 400\">Cierra bien los frascos: aseg\u00farate de que est\u00e9n bien sellados para evitar contaminaci\u00f3n por aire o bacterias.<\/span><\/li>\n<li style=\"font-weight: 400\"><span style=\"font-weight: 400\">No las mezcles con otras sustancias: no las combines con productos que no est\u00e9n indicados, ya que pueden perder eficacia.<\/span><\/li>\n<li style=\"font-weight: 400\"><span style=\"font-weight: 400\">Conserva el frasco original: el vidrio oscuro protege las esencias de la luz y ayuda a preservar su potencia.<\/span><\/li>\n<li style=\"font-weight: 400\"><span style=\"font-weight: 400\">Evita la contaminaci\u00f3n cruzada: no toques el cuentagotas con las manos, lengua ni con superficies externas.<\/span><\/li>\n<li style=\"font-weight: 400\"><span style=\"font-weight: 400\">Revisa las fechas de caducidad: aunque las esencias no caducan r\u00e1pidamente, es importante asegurarse de que sigan en buen estado.<\/span><\/li>\n<li style=\"font-weight: 400\"><span style=\"font-weight: 400\">Siguiendo estos simples pasos, tus Flores de Bach mantendr\u00e1n su potencia y efectividad, apoyando tu bienestar emocional siempre que lo necesites.<\/span><\/li>\n<\/ul>","protected":false},"excerpt":{"rendered":"<h6>Detalles de los productos<\/h6>\n<ul>\n<li><strong>Presentaci\u00f3n:<\/strong> Brandy<\/li>\n<li><strong>Tama\u00f1o:<\/strong> 30 ml<\/li>\n<li><strong>Uso ideal:<\/strong> Leer abajo en la descripci\u00f3n.<\/li>\n<\/ul>","protected":false},"featured_media":51415,"comment_status":"open","ping_status":"closed","template":"","meta":[],"product_brand":[],"product_cat":[426],"product_tag":[291,297,299,279,302,425,290,408,320,326,350,354,407,361,369,372,406,390,391,397,387,370,363,358],"class_list":{"0":"post-53102","1":"product","2":"type-product","3":"status-publish","4":"has-post-thumbnail","6":"product_cat-esencias-florales-productos-mezclas","7":"product_tag-aconitum","8":"product_tag-apis","9":"product_tag-arnica","10":"product_tag-arsenicum-album","11":"product_tag-belladona","12":"product_tag-botiquin-homeopatico","13":"product_tag-bryonia","14":"product_tag-calcarea-carb","15":"product_tag-cantharis","16":"product_tag-causticum","17":"product_tag-hepar-sulphur","18":"product_tag-ignatia","19":"product_tag-ipeca","20":"product_tag-kali-carbonicum","21":"product_tag-lachesis","22":"product_tag-lycopodium","23":"product_tag-mercurius","24":"product_tag-nux-vomica","25":"product_tag-phosphorus","26":"product_tag-pulsatilla","27":"product_tag-rhus-toxic","28":"product_tag-sepia","29":"product_tag-silicea","30":"product_tag-sulphur","32":"first","33":"instock","34":"featured","35":"shipping-taxable","36":"purchasable","37":"product-type-composite"},"_links":{"self":[{"href":"https:\/\/farmaciariveros.com\/en\/wp-json\/wp\/v2\/product\/53102","targetHints":{"allow":["GET"]}}],"collection":[{"href":"https:\/\/farmaciariveros.com\/en\/wp-json\/wp\/v2\/product"}],"about":[{"href":"https:\/\/farmaciariveros.com\/en\/wp-json\/wp\/v2\/types\/product"}],"replies":[{"embeddable":true,"href":"https:\/\/farmaciariveros.com\/en\/wp-json\/wp\/v2\/comments?post=53102"}],"wp:featuredmedia":[{"embeddable":true,"href":"https:\/\/farmaciariveros.com\/en\/wp-json\/wp\/v2\/media\/51415"}],"wp:attachment":[{"href":"https:\/\/farmaciariveros.com\/en\/wp-json\/wp\/v2\/media?parent=53102"}],"wp:term":[{"taxonomy":"product_brand","embeddable":true,"href":"https:\/\/farmaciariveros.com\/en\/wp-json\/wp\/v2\/product_brand?post=53102"},{"taxonomy":"product_cat","embeddable":true,"href":"https:\/\/farmaciariveros.com\/en\/wp-json\/wp\/v2\/product_cat?post=53102"},{"taxonomy":"product_tag","embeddable":true,"href":"https:\/\/farmaciariveros.com\/en\/wp-json\/wp\/v2\/product_tag?post=53102"}],"curies":[{"name":"wp","href":"https:\/\/api.w.org\/{rel}","templated":true}]}}