{"id":53276,"date":"2025-01-21T00:13:16","date_gmt":"2025-01-20T23:13:16","guid":{"rendered":"https:\/\/farmaciariveros.com\/productos\/botiquin-homeopatico-x-20-2\/"},"modified":"2025-02-12T22:05:07","modified_gmt":"2025-02-12T21:05:07","slug":"botiquin-veterinario-homeopatico-x-10","status":"publish","type":"product","link":"https:\/\/farmaciariveros.com\/en\/productos\/botiquin-veterinario-homeopatico-x-10\/","title":{"rendered":"Botiqu\u00edn Veterinario Homeop\u00e1tico x 10"},"content":{"rendered":"<p>Con nuestro botiqu\u00edn homeop\u00e1tico, puedes tener siempre a mano las herramientas necesarias para tratar problemas menores de salud y mejorar la calidad de vida de tu mascota. Adem\u00e1s, la medicina homeop\u00e1tica no solo se enfoca en aliviar s\u00edntomas, sino en restaurar el equilibrio f\u00edsico y emocional, ayudando a tu animal a mantenerse saludable.<\/p>\n<p>&nbsp;<\/p>\n<p>Los remedios homeop\u00e1ticos son muy f\u00e1ciles de administrar. Simplemente, agrega las gotas en el agua o directamente en la boca de tu mascota. La cantidad y frecuencia dependen de la afecci\u00f3n y del tama\u00f1o del animal, por lo que siempre es recomendable seguir las indicaciones del producto y consultar con un profesional home\u00f3pata.<\/p>\n<h6>Productos<\/h6>\n<p>Este Kit Homeop\u00e1tico podr\u00e1s combinarlo con 10 medicamentos de tu elecci\u00f3n, a continuaci\u00f3n indicamos la lista terap\u00e9utica y modo de uso, sugeridos por el Dra. Ximena Monroy durante mas de 20 a\u00f1os de \u00a0trayectoria en medicina veterinaria homeop\u00e1tica.<\/p>\n<p>&nbsp;<\/p>\n<ul>\n<li><strong>\u00c1rnica:<\/strong> Traumatismos, golpes y contusiones en piel, tejido \u00f3seo y muscular.<\/li>\n<li><strong>Arsenicum Album:<\/strong> Trastornos digestivos &#8211; Diarreas.<\/li>\n<li><strong>Apis:<\/strong> Picadura de insectos.<\/li>\n<li><strong>Anas Barbaries:<\/strong> Resfriados y preventivo de enfermedades respiratorias.<\/li>\n<li><strong>Baryta Carbonica:<\/strong> Trastornos en edad avanzada.<\/li>\n<li><strong>Berberis:<\/strong> Problemas renales &#8211; C\u00e1lculos urinarios &#8211; Dolores gastrointestinales.<\/li>\n<li><strong>Bryonia:<\/strong> Fiebre &#8211; Resfriados &#8211; Dolores articulares.<\/li>\n<li><strong>Calcarea Carbonica:<\/strong> Huesos fr\u00e1giles &#8211; Fracturas &#8211; Problemas digestivos.<\/li>\n<li><strong>Calcarea Fluorica:<\/strong> Fortalecer huesos y dientes &#8211; Problemas articulares &#8211; Crecimiento de tejidos.<\/li>\n<li><strong>Calendula Spray: <\/strong>Cicatrizante natural &#8211; Quemaduras &#8211; Picaduras &#8211; Heridas.<\/li>\n<li><strong>Cantharis:<\/strong> Quemaduras internas y externas &#8211; Irritaci\u00f3n.<\/li>\n<li><strong>Chamomilla:<\/strong> Trastornos durante el periodo de distensi\u00f3n &#8211; Inflamaci\u00f3n de o\u00eddo.<\/li>\n<li><strong>Euphrasia:<\/strong> Irritaci\u00f3n ocular &#8211; Lagrimeos.<\/li>\n<li><strong>Hypericum:<\/strong> Traumatismos &#8211; Golpes &#8211; Aplastamiento en dedos pulpejos &#8211; Columna vertebral.<\/li>\n<li><strong>Ledum Palustre:<\/strong> Heridas con objetos punzantes y afilados en la piel &#8211; Picaduras de insectos, abejas, avispas &#8211; Mordeduras.<\/li>\n<li><strong>Natrum Muriaitcum:<\/strong> Problemas de piel &#8211; Trastornos digestivos &#8211; Problemas emocionales.<\/li>\n<li><strong>Nux vomica:<\/strong> Efectos de intoxicaci\u00f3n alimenticia &#8211; Alcohol en medicamentos &#8211; Mala digesti\u00f3n.<\/li>\n<li><strong>Phosphorus:<\/strong> Problemas respiratorios &#8211; Condiciones sangu\u00edneas &#8211; Trastornos digestivos &#8211; Fatiga &#8211; debilidad general.<\/li>\n<li><strong>Rhus Toxic:<\/strong> Dolor muscular en sobre esfuerzo de ejercicio.<\/li>\n<li><strong>Silicea:<\/strong> Heridas supurantes &#8211; Heridas por astillas &#8211; Espinas.<\/li>\n<li><strong>Thuja:<\/strong> Profilaxis &#8211; Vacunaci\u00f3n.<\/li>\n<li><strong style=\"color: var(--theme-color-text);font-family: var(--theme-font-p_font-family);font-size: var(--theme-font-p_font-size);font-style: var(--theme-font-p_font-style);letter-spacing: var(--theme-font-p_letter-spacing);text-transform: var(--theme-font-p_text-transform)\">Veratrum Album:<\/strong><span style=\"color: var(--theme-color-text);font-family: var(--theme-font-p_font-family);font-size: var(--theme-font-p_font-size);font-style: var(--theme-font-p_font-style);letter-spacing: var(--theme-font-p_letter-spacing);text-transform: var(--theme-font-p_text-transform);background-color: var(--theme-color-bg_color)\"> Trastornos gastrointestinales &#8211; Problemas circulatorios &#8211; Condiciones febril.<\/span><\/li>\n<\/ul>\n<h6>Modo de uso<\/h6>\n<ul>\n<li>Tomar el primer d\u00eda una gota cada hora.<\/li>\n<li>Tomar el segundo d\u00eda una gota cada 2 horas.<\/li>\n<li>Tomar el tercer d\u00eda una gota 3 veces al d\u00eda.<\/li>\n<li>Y seguir con el tratamiento hasta que el paciente est\u00e9 recuperado.<\/li>\n<\/ul>\n<p>&nbsp;<\/p>\n<h6>V\u00eda oral<\/h6>\n<ul>\n<li>Mant\u00e9ngase fuera del alcance de los ni\u00f1os.<\/li>\n<li>Desechar si observa cambios en la apariencia, sabor u olor del producto.<\/li>\n<li>Conservar en un lugar fresco, mantener alejado de todo tipo de radiaci\u00f3n.<\/li>\n<li>Este medicamento no requiere registro sanitario seg\u00fan art\u00edculo 11, Decreto 1737 de 2005.<\/li>\n<\/ul>","protected":false},"excerpt":{"rendered":"<h6>Detalles de los productos<\/h6>\n<ul>\n<li><strong>Presentaci\u00f3n:<\/strong> Frasco gotero x 10 mL<\/li>\n<li><strong>Forma farmac\u00e9utica:<\/strong> Soluci\u00f3n oral &#8211; Gotas<\/li>\n<li><strong>Potencia:<\/strong> 0\/6<\/li>\n<li><strong>Grado Alcoh\u00f3lico:<\/strong> 20%<\/li>\n<li><strong>Uso ideal:<\/strong> Leer abajo en la descripci\u00f3n.<\/li>\n<\/ul>","protected":false},"featured_media":51416,"comment_status":"open","ping_status":"closed","template":"","meta":[],"product_brand":[],"product_cat":[542],"product_tag":[288,297,299,279,301,303,545,290,307,308,317,320,327,342,353,371,544,390,391,387,363,417,422],"class_list":{"0":"post-53276","1":"product","2":"type-product","3":"status-publish","4":"has-post-thumbnail","6":"product_cat-botiquin-productos-linea-veterinaria","7":"product_tag-anas-barbaries","8":"product_tag-apis","9":"product_tag-arnica","10":"product_tag-arsenicum-album","11":"product_tag-baryta-carbonica","12":"product_tag-berberis","13":"product_tag-botiquin-veterinario-homeopatico","14":"product_tag-bryonia","15":"product_tag-calcarea-carbonica","16":"product_tag-calcarea-fluorica","17":"product_tag-calendula","18":"product_tag-cantharis","19":"product_tag-chamomilla","20":"product_tag-euphrasia","21":"product_tag-hypericum","22":"product_tag-ledum-palustre","23":"product_tag-natrum-muriaitcum","24":"product_tag-nux-vomica","25":"product_tag-phosphorus","26":"product_tag-rhus-toxic","27":"product_tag-silicea","28":"product_tag-thuja","29":"product_tag-veratrum-album","31":"first","32":"instock","33":"shipping-taxable","34":"purchasable","35":"product-type-composite"},"_links":{"self":[{"href":"https:\/\/farmaciariveros.com\/en\/wp-json\/wp\/v2\/product\/53276","targetHints":{"allow":["GET"]}}],"collection":[{"href":"https:\/\/farmaciariveros.com\/en\/wp-json\/wp\/v2\/product"}],"about":[{"href":"https:\/\/farmaciariveros.com\/en\/wp-json\/wp\/v2\/types\/product"}],"replies":[{"embeddable":true,"href":"https:\/\/farmaciariveros.com\/en\/wp-json\/wp\/v2\/comments?post=53276"}],"wp:featuredmedia":[{"embeddable":true,"href":"https:\/\/farmaciariveros.com\/en\/wp-json\/wp\/v2\/media\/51416"}],"wp:attachment":[{"href":"https:\/\/farmaciariveros.com\/en\/wp-json\/wp\/v2\/media?parent=53276"}],"wp:term":[{"taxonomy":"product_brand","embeddable":true,"href":"https:\/\/farmaciariveros.com\/en\/wp-json\/wp\/v2\/product_brand?post=53276"},{"taxonomy":"product_cat","embeddable":true,"href":"https:\/\/farmaciariveros.com\/en\/wp-json\/wp\/v2\/product_cat?post=53276"},{"taxonomy":"product_tag","embeddable":true,"href":"https:\/\/farmaciariveros.com\/en\/wp-json\/wp\/v2\/product_tag?post=53276"}],"curies":[{"name":"wp","href":"https:\/\/api.w.org\/{rel}","templated":true}]}}